{"id":14948,"date":"2019-07-18T19:35:32","date_gmt":"2019-07-18T19:35:32","guid":{"rendered":"http:\/\/gomc.mcservices.com\/?post_type=product&#038;p=14948"},"modified":"2025-11-24T12:08:36","modified_gmt":"2025-11-24T18:08:36","slug":"bombones-finos-una-gran-experiencia","status":"publish","type":"product","link":"https:\/\/gomc.com\/index.php\/product\/bombones-finos-una-gran-experiencia\/","title":{"rendered":"Bombones finos, Una Gran Experiencia"},"content":{"rendered":"<p>In his book, <em>Fine Chocolates, Great Experience<\/em>, Wybauw teaches the fundamentals of working with chocolate. With over 100 delicious and original recipes, this is a must-have guide for professionals and advanced amateurs. The guide provides an in-depth tutorial on chocolate including an understanding of this exacting ingredient, an explanation of crystallization, techniques for handling chocolate including molding, and an impressive troubleshooting section. It is beautifully illustrated with photographs from award winning photographer, Tony Le Duc.<\/p>\n<p><span lang=\"ES\">En su libro, <i>Fine Chocolates, Great Experience<\/i>, Wybauw ense\u00f1a los fundamentos de trabajar con chocolate. Con m\u00e1s de 100 recetas deliciosas y originales, esta es una gu\u00eda imprescindible para profesionales y aficionados avanzados. La gu\u00eda proporciona un tutorial en profundidad sobre el chocolate que incluye una comprensi\u00f3n de este ingrediente exigente, una explicaci\u00f3n de la cristalizaci\u00f3n, t\u00e9cnicas para manipular el chocolate, incluido el moldeo, y una impresionante secci\u00f3n de soluci\u00f3n de problemas. Est\u00e1 bellamente ilustrado con fotograf\u00edas del galardonado fot\u00f3grafo Tony Le Duc.<\/span><\/p>\n","protected":false},"excerpt":{"rendered":"<p>M\u00e1s de 100 recetas originales de chocolate se describen en forma detallada e ilustrada con fotograf\u00edas magn\u00edficas.(in Spanish)<\/p>\n<p>228 pgs.<\/p>\n<p>By Jean-Pierre Wybauw<\/p>\n","protected":false},"featured_media":15228,"template":"","meta":[],"product_cat":[21],"product_tag":[],"_links":{"self":[{"href":"https:\/\/gomc.com\/index.php\/wp-json\/wp\/v2\/product\/14948"}],"collection":[{"href":"https:\/\/gomc.com\/index.php\/wp-json\/wp\/v2\/product"}],"about":[{"href":"https:\/\/gomc.com\/index.php\/wp-json\/wp\/v2\/types\/product"}],"wp:featuredmedia":[{"embeddable":true,"href":"https:\/\/gomc.com\/index.php\/wp-json\/wp\/v2\/media\/15228"}],"wp:attachment":[{"href":"https:\/\/gomc.com\/index.php\/wp-json\/wp\/v2\/media?parent=14948"}],"wp:term":[{"taxonomy":"product_cat","embeddable":true,"href":"https:\/\/gomc.com\/index.php\/wp-json\/wp\/v2\/product_cat?post=14948"},{"taxonomy":"product_tag","embeddable":true,"href":"https:\/\/gomc.com\/index.php\/wp-json\/wp\/v2\/product_tag?post=14948"}],"curies":[{"name":"wp","href":"https:\/\/api.w.org\/{rel}","templated":true}]}}